{"id":288,"date":"2024-06-04T08:30:25","date_gmt":"2024-06-04T08:30:25","guid":{"rendered":"https:\/\/5spromoinc.com\/?page_id=288"},"modified":"2024-07-07T04:13:11","modified_gmt":"2024-07-07T04:13:11","slug":"service","status":"publish","type":"page","link":"https:\/\/lishimport.com\/es\/service\/","title":{"rendered":"SERVICIOS"},"content":{"rendered":"<section class=\"section\" id=\"section_357009941\">\n\t\t<div class=\"bg section-bg fill bg-fill  bg-loaded\" >\n\n\t\t\t\n\t\t\t\n\t\t\t\n\n\t\t<\/div>\n\n\t\t\n\n\t\t<div class=\"section-content relative\">\n\t\t\t\n<div class=\"row align-middle\"  id=\"row-1825177314\">\n\n\t<div id=\"col-2006247107\" class=\"col medium-12 small-12 large-6\"  >\n\t\t\t\t<div class=\"col-inner\"  >\n\t\t\t\n\t\t\t\n\n  <div class=\"banner has-hover\" id=\"banner-1491423034\">\n          <div class=\"banner-inner fill\">\n        <div class=\"banner-bg fill\" >\n            <div class=\"bg fill bg-fill\"><\/div>\n                                    \n                    <\/div>\n\t\t\n        <div class=\"banner-layers container\">\n            <div class=\"fill banner-link\"><\/div>            \n   <div id=\"text-box-1634535931\" class=\"text-box banner-layer x50 md-x50 lg-x50 y50 md-y50 lg-y50 res-text\">\n                                <div class=\"text-box-content text dark\">\n              \n              <div class=\"text-inner text-center\">\n                  \n              <\/div>\n           <\/div>\n                            \n<style>\n#text-box-1634535931 {\n  width: 60%;\n}\n#text-box-1634535931 .text-box-content {\n  font-size: 100%;\n}\n@media (min-width:550px) {\n  #text-box-1634535931 {\n    width: 60%;\n  }\n}\n<\/style>\n    <\/div>\n \n        <\/div>\n      <\/div>\n\n            \n<style>\n#banner-1491423034 {\n  padding-top: 99.99%;\n  background-color: rgb(255, 255, 255);\n}\n#banner-1491423034 .bg.bg-loaded {\n  background-image: url(https:\/\/lishimport.com\/wp-content\/uploads\/2024\/07\/WechatIMG383.png);\n}\n#banner-1491423034 .bg {\n  background-position: 35% 56%;\n}\n@media (min-width:550px) {\n  #banner-1491423034 {\n    padding-top: 75%;\n  }\n}\n@media (min-width:850px) {\n  #banner-1491423034 {\n    padding-top: 50%;\n  }\n}\n<\/style>\n  <\/div>\n\n\n\t\t<\/div>\n\t\t\t\t\t<\/div>\n\n\t\n\n\t<div id=\"col-1968793487\" class=\"col medium-12 small-12 large-6\"  >\n\t\t\t\t<div class=\"col-inner\"  >\n\t\t\t\n\t\t\t\n\t<div id=\"text-2497064794\" class=\"text\">\n\t\t\n<h2 class=\"alt-font\">\u00a0 \u00a0 \u00a0 \u00a0 \u00a0 \u00a0 Sourcing<\/h2>\n\t\t\n<style>\n#text-2497064794 {\n  font-size: 1.95rem;\n  text-align: left;\n}\n<\/style>\n\t<\/div>\n\t\n\t<div id=\"text-1386908509\" class=\"text\">\n\t\t\n<p class=\"alt-font\" data-animate=\"fadeInRight\">Con nuestro equipo, llevamos a cabo <strong>an\u00e1lisis de mercado para estudiar la demanda y la competencia<\/strong> para tener ideas m\u00e1s concretas antes de empezar la b\u00fasqueda de productos y proveedores.\u00a0<\/p>\n<p class=\"alt-font\" data-animate=\"fadeInRight\"><strong>Encontrar al proveedor que produzca m\u00e1s barato respetando la m\u00e1xima calidad del producto. <\/strong>En LISHI aconsejamos buscar dos o tres proveedores en China que ofrezcan el mismo producto o proceso y al final elegir el m\u00e1s adecuado.<\/p>\n<p class=\"alt-font\" data-animate=\"fadeInRight\"><strong>A trav\u00e9s de visitas a la f\u00e1brica en China y testing de productos en el local<\/strong>,prevenimos posibles problemas y garantizamos <strong>calidad de los productos y de los propios proveedores.<\/strong><\/p>\n<p class=\"alt-font\" data-animate=\"fadeInRight\">Firmaremos un acuerdo de confidencialidad e intentaremos proteger nuestros conocimientos t\u00e9cnicos, pero cuanta m\u00e1s informaci\u00f3n demos sobre nuestra idea de negocio, m\u00e1s posibilidades de \u00e9xito tendremos en la fabricaci\u00f3n en China\".<\/p>\n<p class=\"alt-font\">\u00a0<\/p>\n\t\t\n<style>\n#text-1386908509 {\n  font-size: 0.86rem;\n  line-height: 1.7;\n}\n<\/style>\n\t<\/div>\n\t\n\t\t<\/div>\n\t\t\t\t\n<style>\n#col-1968793487 > .col-inner {\n  padding: 0px 0px 0px 0;\n}\n@media (min-width:850px) {\n  #col-1968793487 > .col-inner {\n    padding: 0px 0px 0px 10%;\n  }\n}\n<\/style>\n\t<\/div>\n\n\t\n<\/div>\n\t\t<\/div>\n\n\t\t\n<style>\n#section_357009941 {\n  padding-top: 40px;\n  padding-bottom: 40px;\n}\n@media (min-width:850px) {\n  #section_357009941 {\n    padding-top: 70px;\n    padding-bottom: 70px;\n  }\n}\n<\/style>\n\t<\/section>\n\t\n\t<section class=\"section\" id=\"section_720194984\">\n\t\t<div class=\"bg section-bg fill bg-fill  bg-loaded\" >\n\n\t\t\t\n\t\t\t\n\t\t\t\n\n\t\t<\/div>\n\n\t\t\n\n\t\t<div class=\"section-content relative\">\n\t\t\t\n<div class=\"row align-middle\"  id=\"row-412515141\">\n\n\t<div id=\"col-395268682\" class=\"col medium-12 small-12 large-6\"  >\n\t\t\t\t<div class=\"col-inner\"  >\n\t\t\t\n\t\t\t\n\t<div id=\"gap-449573193\" class=\"gap-element clearfix\" style=\"display:block; height:auto;\">\n\t\t\n<style>\n#gap-449573193 {\n  padding-top: 10px;\n}\n@media (min-width:850px) {\n  #gap-449573193 {\n    padding-top: 30px;\n  }\n}\n<\/style>\n\t<\/div>\n\t\n\t<div id=\"text-793433280\" class=\"text\">\n\t\t\n<h2 class=\"alt-font\">Negociaci\u00f3n de costes<\/h2>\n\t\t\n<style>\n#text-793433280 {\n  font-size: 1.5rem;\n  text-align: center;\n}\n<\/style>\n\t<\/div>\n\t\n<p class=\"alt-font\" data-animate=\"fadeInLeft\">A trav\u00e9s del an\u00e1lisis del mercado y de las materias primas, tras llegar a un acuerdo con el cliente sobre el precio objetivo, nos sentamos con la f\u00e1brica para negociar los costes <strong>en el idioma local<\/strong> para mejorar los precios FOB.<\/p>\n<ol>\n<li class=\"alt-font\" data-animate=\"fadeInLeft\">Precios especiales para compras por volumen<\/li>\n<li class=\"alt-font\" data-animate=\"fadeInLeft\">Apoyo de flete para enviar la mercader\u00eda<\/li>\n<li class=\"alt-font\" data-animate=\"fadeInLeft\">Descuentos por pago anticipado<\/li>\n<\/ol>\n<p class=\"alt-font\" data-animate=\"fadeInLeft\">\u00a0 \u00a0 \u00a0 &#8230;..<\/p>\n\t\t<\/div>\n\t\t\t\t\n<style>\n#col-395268682 > .col-inner {\n  padding: 0px 0px 0px 0;\n}\n@media (min-width:850px) {\n  #col-395268682 > .col-inner {\n    padding: 0px 0px 0px 10%;\n  }\n}\n<\/style>\n\t<\/div>\n\n\t\n\n\t<div id=\"col-348441132\" class=\"col medium-12 small-12 large-6\"  >\n\t\t\t\t<div class=\"col-inner\"  >\n\t\t\t\n\t\t\t\n\n  <div class=\"banner has-hover\" id=\"banner-1201477141\">\n          <div class=\"banner-inner fill\">\n        <div class=\"banner-bg fill\" >\n            <div class=\"bg fill bg-fill\"><\/div>\n                                    \n                    <\/div>\n\t\t\n        <div class=\"banner-layers container\">\n            <div class=\"fill banner-link\"><\/div>            \n   <div id=\"text-box-19800161\" class=\"text-box banner-layer x50 md-x50 lg-x50 y50 md-y50 lg-y50 res-text\">\n                                <div class=\"text-box-content text dark\">\n              \n              <div class=\"text-inner text-center\">\n                  \n              <\/div>\n           <\/div>\n                            \n<style>\n#text-box-19800161 {\n  width: 60%;\n}\n#text-box-19800161 .text-box-content {\n  font-size: 100%;\n}\n<\/style>\n    <\/div>\n \n        <\/div>\n      <\/div>\n\n            \n<style>\n#banner-1201477141 {\n  padding-top: 99.99%;\n  background-color: rgb(255, 255, 255);\n}\n#banner-1201477141 .bg.bg-loaded {\n  background-image: url(https:\/\/lishimport.com\/wp-content\/uploads\/2024\/07\/WechatIMG384-1212x800.png);\n}\n#banner-1201477141 .bg {\n  background-position: 35% 56%;\n}\n@media (min-width:550px) {\n  #banner-1201477141 {\n    padding-top: 75%;\n  }\n}\n@media (min-width:850px) {\n  #banner-1201477141 {\n    padding-top: 50%;\n  }\n}\n<\/style>\n  <\/div>\n\n\n\t\t<\/div>\n\t\t\t\t\t<\/div>\n\n\t\n<\/div>\n\t\t<\/div>\n\n\t\t\n<style>\n#section_720194984 {\n  padding-top: 40px;\n  padding-bottom: 40px;\n}\n@media (min-width:850px) {\n  #section_720194984 {\n    padding-top: 70px;\n    padding-bottom: 70px;\n  }\n}\n<\/style>\n\t<\/section>\n\t\n\t<section class=\"section\" id=\"section_364992970\">\n\t\t<div class=\"bg section-bg fill bg-fill  bg-loaded\" >\n\n\t\t\t\n\t\t\t\n\t\t\t\n\n\t\t<\/div>\n\n\t\t\n\n\t\t<div class=\"section-content relative\">\n\t\t\t\n<div class=\"row align-middle\"  id=\"row-1400745251\">\n\n\t<div id=\"col-1069491095\" class=\"col medium-12 small-12 large-6\"  >\n\t\t\t\t<div class=\"col-inner\"  >\n\t\t\t\n\t\t\t\n\n  <div class=\"banner has-hover\" id=\"banner-1485657175\">\n          <div class=\"banner-inner fill\">\n        <div class=\"banner-bg fill\" >\n            <div class=\"bg fill bg-fill\"><\/div>\n                                    \n                    <\/div>\n\t\t\n        <div class=\"banner-layers container\">\n            <div class=\"fill banner-link\"><\/div>            \n   <div id=\"text-box-1630851165\" class=\"text-box banner-layer x50 md-x50 lg-x50 y50 md-y50 lg-y50 res-text\">\n                                <div class=\"text-box-content text dark\">\n              \n              <div class=\"text-inner text-center\">\n                  \n              <\/div>\n           <\/div>\n                            \n<style>\n#text-box-1630851165 {\n  width: 60%;\n}\n#text-box-1630851165 .text-box-content {\n  font-size: 100%;\n}\n@media (min-width:550px) {\n  #text-box-1630851165 {\n    width: 60%;\n  }\n}\n<\/style>\n    <\/div>\n \n        <\/div>\n      <\/div>\n\n            \n<style>\n#banner-1485657175 {\n  padding-top: 99.99%;\n  background-color: rgb(255, 255, 255);\n}\n#banner-1485657175 .bg.bg-loaded {\n  background-image: url(https:\/\/lishimport.com\/wp-content\/uploads\/2024\/07\/WechatIMG387.png);\n}\n#banner-1485657175 .bg {\n  background-position: 35% 56%;\n}\n@media (min-width:550px) {\n  #banner-1485657175 {\n    padding-top: 75%;\n  }\n}\n@media (min-width:850px) {\n  #banner-1485657175 {\n    padding-top: 50%;\n  }\n}\n<\/style>\n  <\/div>\n\n\n\t\t<\/div>\n\t\t\t\t\t<\/div>\n\n\t\n\n\t<div id=\"col-1197279063\" class=\"col medium-12 small-12 large-6\"  >\n\t\t\t\t<div class=\"col-inner\"  >\n\t\t\t\n\t\t\t\n\t<div id=\"text-879252514\" class=\"text\">\n\t\t\n<h2 class=\"alt-font\">Customization\u00a0<\/h2>\n\t\t\n<style>\n#text-879252514 {\n  font-size: 1.5rem;\n  text-align: center;\n}\n<\/style>\n\t<\/div>\n\t\n<p class=\"alt-font\" data-animate=\"fadeInRight\">Para los clientes que deseen crear su propia marca, por ejemplo una marca de tecnolog\u00eda, una marca de electrodom\u00e9sticos, es posible:<\/p>\n<p class=\"alt-font\" data-animate=\"fadeInRight\">1. Elaborar una lista de productos bajo demanda<br \/>2. Armonizar el dise\u00f1o del envase seg\u00fan la filosof\u00eda de la marca<br \/>3. Adaptar y personalizar la caja, el manual, etc. a la lengua de destino.<br \/>&#8230;<\/p>\n\t\t<\/div>\n\t\t\t\t\n<style>\n#col-1197279063 > .col-inner {\n  padding: 0px 0px 0px 0;\n}\n@media (min-width:850px) {\n  #col-1197279063 > .col-inner {\n    padding: 0px 0px 0px 10%;\n  }\n}\n<\/style>\n\t<\/div>\n\n\t\n<\/div>\n\t\t<\/div>\n\n\t\t\n<style>\n#section_364992970 {\n  padding-top: 40px;\n  padding-bottom: 40px;\n}\n@media (min-width:850px) {\n  #section_364992970 {\n    padding-top: 70px;\n    padding-bottom: 70px;\n  }\n}\n<\/style>\n\t<\/section>\n\t\n\t<section class=\"section\" id=\"section_1884139194\">\n\t\t<div class=\"bg section-bg fill bg-fill  bg-loaded\" >\n\n\t\t\t\n\t\t\t\n\t\t\t\n\n\t\t<\/div>\n\n\t\t\n\n\t\t<div class=\"section-content relative\">\n\t\t\t\n<div class=\"row align-middle\"  id=\"row-2056175014\">\n\n\t<div id=\"col-245332459\" class=\"col medium-12 small-12 large-6\"  >\n\t\t\t\t<div class=\"col-inner\"  >\n\t\t\t\n\t\t\t\n\t<div id=\"text-4048555604\" class=\"text\">\n\t\t\n<h2 class=\"alt-font\">MKT<\/h2>\n\t\t\n<style>\n#text-4048555604 {\n  font-size: 1.5rem;\n}\n<\/style>\n\t<\/div>\n\t\n<p class=\"alt-font\" data-animate=\"fadeInLeft\">Con muchos a\u00f1os de experiencia en el desarrollo de marcas, tambi\u00e9n ofrecemos propuestas de MKT para acompa\u00f1ar su marca en diferentes etapas de desarrollo, contando con un equipo local en Am\u00e9rica Latina que se dedica desde hace a\u00f1os a potenciar la presencia de muchas marcas de renombre en la regi\u00f3n.<\/p>\n\t\t<\/div>\n\t\t\t\t\n<style>\n#col-245332459 > .col-inner {\n  padding: 0px 0px 0px 0;\n}\n@media (min-width:850px) {\n  #col-245332459 > .col-inner {\n    padding: 0px 0px 0px 10%;\n  }\n}\n<\/style>\n\t<\/div>\n\n\t\n\n\t<div id=\"col-909412118\" class=\"col medium-12 small-12 large-6\"  >\n\t\t\t\t<div class=\"col-inner\"  >\n\t\t\t\n\t\t\t\n\n  <div class=\"banner has-hover\" id=\"banner-397533249\">\n          <div class=\"banner-inner fill\">\n        <div class=\"banner-bg fill\" >\n            <div class=\"bg fill bg-fill\"><\/div>\n                                    \n                    <\/div>\n\t\t\n        <div class=\"banner-layers container\">\n            <div class=\"fill banner-link\"><\/div>            \n   <div id=\"text-box-880969115\" class=\"text-box banner-layer x15 md-x15 lg-x15 y25 md-y25 lg-y25 res-text\">\n                                <div class=\"text-box-content text dark\">\n              \n              <div class=\"text-inner text-center\">\n                  \n              <\/div>\n           <\/div>\n                            \n<style>\n#text-box-880969115 {\n  width: 60%;\n}\n#text-box-880969115 .text-box-content {\n  font-size: 100%;\n}\n<\/style>\n    <\/div>\n \n        <\/div>\n      <\/div>\n\n            \n<style>\n#banner-397533249 {\n  padding-top: 99.99%;\n  background-color: rgb(255, 255, 255);\n}\n#banner-397533249 .bg.bg-loaded {\n  background-image: url(https:\/\/lishimport.com\/wp-content\/uploads\/2024\/07\/WechatIMG389.png);\n}\n#banner-397533249 .bg {\n  background-position: 35% 10%;\n}\n@media (min-width:550px) {\n  #banner-397533249 {\n    padding-top: 75%;\n  }\n}\n@media (min-width:850px) {\n  #banner-397533249 {\n    padding-top: 50%;\n  }\n}\n<\/style>\n  <\/div>\n\n\n\t\t<\/div>\n\t\t\t\t\t<\/div>\n\n\t\n<\/div>\n\t\t<\/div>\n\n\t\t\n<style>\n#section_1884139194 {\n  padding-top: 40px;\n  padding-bottom: 40px;\n}\n@media (min-width:850px) {\n  #section_1884139194 {\n    padding-top: 70px;\n    padding-bottom: 70px;\n  }\n}\n<\/style>\n\t<\/section>\n\t\n\t<section class=\"section\" id=\"section_578081754\">\n\t\t<div class=\"bg section-bg fill bg-fill  bg-loaded\" >\n\n\t\t\t\n\t\t\t\n\t\t\t\n\n\t\t<\/div>\n\n\t\t\n\n\t\t<div class=\"section-content relative\">\n\t\t\t\n<div class=\"row row-solid\"  id=\"row-205402371\">\n\n<style>\n#row-205402371 > .col > .col-inner {\n  padding: 20px 20px 20px 20px;\n}\n<\/style>\n<\/div>\n\t\t<\/div>\n\n\t\t\n<style>\n#section_578081754 {\n  padding-top: 30px;\n  padding-bottom: 30px;\n}\n<\/style>\n\t<\/section>\n\t\n\t<section class=\"section\" id=\"section_290808697\">\n\t\t<div class=\"bg section-bg fill bg-fill  bg-loaded\" >\n\n\t\t\t\n\t\t\t\n\t\t\t\n\n\t\t<\/div>\n\n\t\t\n\n\t\t<div class=\"section-content relative\">\n\t\t\t\n\t\t<\/div>\n\n\t\t\n<style>\n#section_290808697 {\n  padding-top: 0px;\n  padding-bottom: 0px;\n}\n<\/style>\n\t<\/section>","protected":false},"excerpt":{"rendered":"","protected":false},"author":2,"featured_media":0,"parent":0,"menu_order":0,"comment_status":"closed","ping_status":"closed","template":"","meta":{"footnotes":""},"class_list":["post-288","page","type-page","status-publish","hentry"],"_links":{"self":[{"href":"https:\/\/lishimport.com\/es\/wp-json\/wp\/v2\/pages\/288","targetHints":{"allow":["GET"]}}],"collection":[{"href":"https:\/\/lishimport.com\/es\/wp-json\/wp\/v2\/pages"}],"about":[{"href":"https:\/\/lishimport.com\/es\/wp-json\/wp\/v2\/types\/page"}],"author":[{"embeddable":true,"href":"https:\/\/lishimport.com\/es\/wp-json\/wp\/v2\/users\/2"}],"replies":[{"embeddable":true,"href":"https:\/\/lishimport.com\/es\/wp-json\/wp\/v2\/comments?post=288"}],"version-history":[{"count":57,"href":"https:\/\/lishimport.com\/es\/wp-json\/wp\/v2\/pages\/288\/revisions"}],"predecessor-version":[{"id":1033,"href":"https:\/\/lishimport.com\/es\/wp-json\/wp\/v2\/pages\/288\/revisions\/1033"}],"wp:attachment":[{"href":"https:\/\/lishimport.com\/es\/wp-json\/wp\/v2\/media?parent=288"}],"curies":[{"name":"wp","href":"https:\/\/api.w.org\/{rel}","templated":true}]}}