{"id":95,"date":"2024-05-28T00:45:31","date_gmt":"2024-05-28T00:45:31","guid":{"rendered":"https:\/\/moccasin-wildcat-129564.hostingersite.com\/?page_id=95"},"modified":"2024-07-07T01:17:17","modified_gmt":"2024-07-07T01:17:17","slug":"about-us","status":"publish","type":"page","link":"https:\/\/lishimport.com\/es\/about-us\/","title":{"rendered":"Sobre nosotros"},"content":{"rendered":"<div class=\"banner has-hover show-for-small\" id=\"banner-803538311\">\n          <div class=\"banner-inner fill\">\n        <div class=\"banner-bg fill\" >\n            <div class=\"bg fill bg-fill\"><\/div>\n                                    \n                    <\/div>\n\t\t\n        <div class=\"banner-layers container\">\n            <div class=\"fill banner-link\"><\/div>            \n   <div id=\"text-box-1330540217\" class=\"text-box banner-layer x50 md-x50 lg-x50 y50 md-y50 lg-y50 res-text\">\n                                <div class=\"text-box-content text dark\">\n              \n              <div class=\"text-inner text-center\">\n                  \n              <\/div>\n           <\/div>\n                            \n<style>\n#text-box-1330540217 {\n  width: 60%;\n}\n#text-box-1330540217 .text-box-content {\n  font-size: 100%;\n}\n@media (min-width:550px) {\n  #text-box-1330540217 {\n    width: 60%;\n  }\n}\n<\/style>\n    <\/div>\n \n        <\/div>\n      <\/div>\n\n              <div class=\"height-fix is-invisible\"><img loading=\"lazy\" decoding=\"async\" width=\"1020\" height=\"667\" src=\"https:\/\/lishimport.com\/wp-content\/uploads\/2024\/07\/room-34V7TVQQFsU-unsplash-1224x800.jpg\" class=\"attachment-large size-large\" alt=\"\" srcset=\"https:\/\/lishimport.com\/wp-content\/uploads\/2024\/07\/room-34V7TVQQFsU-unsplash-1224x800.jpg 1224w, https:\/\/lishimport.com\/wp-content\/uploads\/2024\/07\/room-34V7TVQQFsU-unsplash-612x400.jpg 612w, https:\/\/lishimport.com\/wp-content\/uploads\/2024\/07\/room-34V7TVQQFsU-unsplash-768x502.jpg 768w, https:\/\/lishimport.com\/wp-content\/uploads\/2024\/07\/room-34V7TVQQFsU-unsplash-1536x1004.jpg 1536w, https:\/\/lishimport.com\/wp-content\/uploads\/2024\/07\/room-34V7TVQQFsU-unsplash-600x392.jpg 600w, https:\/\/lishimport.com\/wp-content\/uploads\/2024\/07\/room-34V7TVQQFsU-unsplash.jpg 1650w\" sizes=\"auto, (max-width: 1020px) 100vw, 1020px\" \/><\/div>\n            \n<style>\n#banner-803538311 .bg.bg-loaded {\n  background-image: url(https:\/\/lishimport.com\/wp-content\/uploads\/2024\/07\/room-34V7TVQQFsU-unsplash-1224x800.jpg);\n}\n#banner-803538311 {\n  background-color: rgb(247, 245, 244);\n}\n<\/style>\n  <\/div>\n\n\n\t<section class=\"section dark\" id=\"section_2010130202\">\n\t\t<div class=\"bg section-bg fill bg-fill\" >\n\n\t\t\t\n\t\t\t<div class=\"section-bg-overlay absolute fill\"><\/div><button class=\"scroll-for-more z-5 icon absolute bottom h-center\" aria-label=\"Despl\u00e1cese para m\u00e1s\"><i class=\"icon-angle-down\" style=\"font-size:42px;\" ><\/i><\/button>\n\t\t\t\n\n\t\t<\/div>\n\n\t\t\n\n\t\t<div class=\"section-content relative\">\n\t\t\t\n<div class=\"row align-middle\"  id=\"row-14794054\">\n\n\t<div id=\"col-730649324\" class=\"col medium-8 small-12 large-6\"  >\n\t\t\t\t<div class=\"col-inner\"  >\n\t\t\t\n\t\t\t\n\t<div id=\"gap-652107057\" class=\"gap-element clearfix\" style=\"display:block; height:auto;\">\n\t\t\n<style>\n#gap-652107057 {\n  padding-top: 5px;\n}\n<\/style>\n\t<\/div>\n\t\n\t\t<\/div>\n\t\t\t\t\t<\/div>\n\n\t\n\n\t<div id=\"col-972509571\" class=\"col medium-6 small-12 large-6\"  >\n\t\t\t\t<div class=\"col-inner\"  >\n\t\t\t\n\t\t\t\n<h2 class=\"alt-font\" style=\"font-size: 350%; line-height: 100%;\" data-animate=\"fadeInLeft\">Haz crecer tu negocio<\/h2>\n<h1 style=\"font-size: 200%;\">\u00a0<\/h1>\n\t\t<\/div>\n\t\t\t\t\t<\/div>\n\n\t\n<\/div>\n\t\t<\/div>\n\n\t\t\n<style>\n#section_2010130202 {\n  padding-top: 60px;\n  padding-bottom: 60px;\n  min-height: 300px;\n  background-color: rgb(247, 245, 244);\n}\n#section_2010130202 .section-bg-overlay {\n  background-color: rgb(45, 78, 103);\n}\n#section_2010130202 .section-bg.bg-loaded {\n  background-image: url(https:\/\/lishimport.com\/wp-content\/uploads\/2024\/07\/room-GkWrEPTyDRs-unsplash.jpg);\n}\n#section_2010130202 .section-bg {\n  background-position: 76% 15%;\n}\n@media (min-width:550px) {\n  #section_2010130202 .section-bg-overlay {\n    background-color: rgba(0, 0, 0, 0.5);\n  }\n}\n@media (min-width:850px) {\n  #section_2010130202 .section-bg-overlay {\n    background-color: rgba(0, 0, 0, 0.5);\n  }\n}\n<\/style>\n\t<\/section>\n\t\n\t<section class=\"section\" id=\"section_332009170\">\n\t\t<div class=\"bg section-bg fill bg-fill  bg-loaded\" >\n\n\t\t\t\n\t\t\t\n\t\t\t\n\n\t\t<\/div>\n\n\t\t\n\n\t\t<div class=\"section-content relative\">\n\t\t\t\n<div class=\"row row-large\"  id=\"row-491316716\">\n\n\t<div id=\"col-777270373\" class=\"col small-12 large-12\"  >\n\t\t\t\t<div class=\"col-inner text-center\"  >\n\t\t\t\n\t\t\t\n\t<div id=\"text-2180192082\" class=\"text\">\n\t\t\n<h2 class=\"alt-font\">NEGOCIOS EN CHINA<\/h2>\n\t\t\n<style>\n#text-2180192082 {\n  font-size: 1.75rem;\n  line-height: 1.7;\n}\n<\/style>\n\t<\/div>\n\t\n\t<div id=\"text-3027589684\" class=\"text\">\n\t\t\n<h5 class=\"alt-font\">\u00bfQU\u00c9 ES LISHI?<\/h5>\n\t\t\n<style>\n#text-3027589684 {\n  font-size: 1.75rem;\n  line-height: 1.7;\n}\n<\/style>\n\t<\/div>\n\t\n\t\t<\/div>\n\t\t\t\t\t<\/div>\n\n\t\n<\/div>\n<div class=\"row\"  id=\"row-577240052\">\n\n\t<div id=\"col-1296491750\" class=\"col medium-6 small-12 large-6\"  >\n\t\t\t\t<div class=\"col-inner\"  >\n\t\t\t\n\t\t\t\n<p class=\"alt-font\"><em><strong>LISHI<\/strong> es una consultora china formada por un grupo de expertos con s\u00f3lida experiencia en el rubro IT del mercado latinoamericano. Y nos especializamos en la b\u00fasqueda e importaci\u00f3n de materia primera y producto terminado desde China. Nos centramos en la atenci\u00f3n a clientes con necesidades espec\u00edficas, sobre todo para empresas que necesiten tecnolog\u00eda especializada.<\/em><\/p>\n\t\t<\/div>\n\t\t\t\t\t<\/div>\n\n\t\n\n\t<div id=\"col-298145479\" class=\"col medium-6 small-12 large-6\"  >\n\t\t\t\t<div class=\"col-inner\"  >\n\t\t\t\n\t\t\t\n<p class=\"alt-font\">Del mismo modo, todos los clientes que deseen ahorrar fondos en sus compras de material comprando directamente en China, <em><strong>LISHI<\/strong> <\/em>puede proporcionarles todas las ventajas de la importaci\u00f3n, sin ninguno de los inconvenientes de tratar con otra cultura u otros modelos de trabajo.<\/p>\n\t\t<\/div>\n\t\t\t\t\t<\/div>\n\n\t\n<\/div>\n\t\t<\/div>\n\n\t\t\n<style>\n#section_332009170 {\n  padding-top: 60px;\n  padding-bottom: 60px;\n}\n<\/style>\n\t<\/section>\n\t\n\t<section class=\"section dark\" id=\"section_163364596\">\n\t\t<div class=\"bg section-bg fill bg-fill\" >\n\n\t\t\t\n\t\t\t\n\t\t\t\n\n\t\t<\/div>\n\n\t\t\n\n\t\t<div class=\"section-content relative\">\n\t\t\t\n<div class=\"row\"  id=\"row-1651184123\">\n\n\t<div id=\"col-794648379\" class=\"col small-12 large-12 col-divided\"  >\n\t\t\t\t<div class=\"col-inner text-center\"  data-parallax-fade=\"true\" data-parallax=\"-1\">\n\t\t\t\n\t\t\t\n<div class=\"row row-large\"  id=\"row-116687027\">\n\n\t<div id=\"col-1144243163\" class=\"col medium-12 large-5\"  >\n\t\t\t\t<div class=\"col-inner text-left\"  >\n\t\t\t\n\t\t\t\n\t<div id=\"text-2293440193\" class=\"text\">\n\t\t\n<h2 class=\"alt-font\" data-animate=\"fadeInLeft\"><strong>\u00bfQu\u00e9 hacemos?<\/strong><\/h2>\n<p class=\"alt-font\" data-animate=\"fadeInLeft\"><strong>\u00a0 &#8211;<em> Analizamos las necesidades de los clientes<\/em><\/strong><\/p>\n<p class=\"alt-font\" data-animate=\"fadeInLeft\"><strong><em>\u00a0 - Buscamos materias primas y productos acabados<\/em><\/strong><\/p>\n<p class=\"alt-font\" data-animate=\"fadeInLeft\"><strong><em>\u00a0 - Buscamos a los mejores proveedores<\/em><\/strong><\/p>\n<p class=\"alt-font\" data-animate=\"fadeInLeft\"><strong><em>\u00a0 - Entregamos un prototipo al cliente<\/em><\/strong><\/p>\n<p class=\"alt-font\" data-animate=\"fadeInLeft\"><strong><em>\u00a0 - Fabricamos al mejor coste<\/em><\/strong><\/p>\n\t\t\n<style>\n#text-2293440193 {\n  font-size: 1rem;\n}\n<\/style>\n\t<\/div>\n\t\n\t\t<\/div>\n\t\t\t\t\t<\/div>\n\n\t\n\n\t<div id=\"col-1187892618\" class=\"col medium-12 large-5\"  >\n\t\t\t\t<div class=\"col-inner text-left\"  >\n\t\t\t\n\t\t\t\n\t<div id=\"text-2823593489\" class=\"text\">\n\t\t\n<h2 class=\"alt-font\" data-animate=\"fadeInRight\"><em>\u00bfC\u00f3mo lo hacemos?<\/em><\/h2>\n<p class=\"alt-font\" data-animate=\"fadeInRight\"><strong>\u00a0 &#8211;<em> Hacemos un estudio de mercado<\/em><\/strong><\/p>\n<p class=\"alt-font\" data-animate=\"fadeInRight\"><strong><em>\u00a0 \u2013 Visitamos las f\u00e1bricas en China para un control de calidad<\/em><\/strong><\/p>\n<p class=\"alt-font\" data-animate=\"fadeInRight\"><strong><em>\u00a0 \u2013 Optimizamos los costes v\u00eda negociaci\u00f3n con la f\u00e1brica<\/em><\/strong><\/p>\n<p class=\"alt-font\" data-animate=\"fadeInRight\"><strong><em>\u00a0 \u2013 Contratos a largo plazo con l\u00edderes del sector<\/em><\/strong><\/p>\n<p class=\"alt-font\" data-animate=\"fadeInRight\"><strong><em>\u00a0 \u2013 Gesti\u00f3n de transportes y aduanera<\/em><\/strong><\/p>\n\t\t\n<style>\n#text-2823593489 {\n  font-size: 1rem;\n}\n<\/style>\n\t<\/div>\n\t\n\t\t<\/div>\n\t\t\t\t\t<\/div>\n\n\t\n<\/div>\n\t\t<\/div>\n\t\t\t\t\n<style>\n#col-794648379 > .col-inner {\n  padding: 40px 0px 0px 0px;\n}\n<\/style>\n\t<\/div>\n\n\t\n<\/div>\n\t\t<\/div>\n\n\t\t\n<style>\n#section_163364596 {\n  padding-top: 80px;\n  padding-bottom: 80px;\n  background-color: rgb(223, 226, 239);\n}\n#section_163364596 .section-bg.bg-loaded {\n  background-image: url(https:\/\/lishimport.com\/wp-content\/uploads\/2024\/07\/room-OrwfVsucmbs-unsplash.jpg);\n}\n#section_163364596 .section-bg {\n  background-position: 30% 50%;\n}\n<\/style>\n\t<\/section>\n\t\n\t<section class=\"section\" id=\"section_1442065524\">\n\t\t<div class=\"bg section-bg fill bg-fill  bg-loaded\" >\n\n\t\t\t\n\t\t\t\n\t\t\t\n\n\t\t<\/div>\n\n\t\t\n\n\t\t<div class=\"section-content relative\">\n\t\t\t\n<div class=\"row\"  id=\"row-476488329\">\n\n\t<div id=\"col-209760418\" class=\"col small-12 large-12\"  >\n\t\t\t\t<div class=\"col-inner text-center\"  >\n\t\t\t\n\t\t\t\n<div class=\"row row-collapse\"  id=\"row-1794095269\">\n\n\t<div id=\"col-794970882\" class=\"col medium-10 small-12 large-8\"  >\n\t\t\t\t<div class=\"col-inner\"  >\n\t\t\t\n\t\t\t\n<div class=\"row row-collapse\"  id=\"row-1783928183\">\n\n\t<div id=\"col-2070970161\" class=\"col medium-4 small-4 large-4\"  data-animate=\"bounceIn\">\n\t\t\t\t<div class=\"col-inner\"  >\n\t\t\t\n\t\t\t\n\n\t\t<div class=\"icon-box featured-box icon-box-center text-center is-large\"  >\n\t\t\t\t\t<div class=\"icon-box-img\" style=\"width: 40px\">\n\t\t\t\t<div class=\"icon\">\n\t\t\t\t\t<div class=\"icon-inner\" >\n\t\t\t\t\t\t<img loading=\"lazy\" decoding=\"async\" width=\"120\" height=\"120\" src=\"https:\/\/lishimport.com\/wp-content\/uploads\/2024\/05\/customer-service-line.png\" class=\"attachment-medium size-medium\" alt=\"\" srcset=\"https:\/\/lishimport.com\/wp-content\/uploads\/2024\/05\/customer-service-line.png 120w, https:\/\/lishimport.com\/wp-content\/uploads\/2024\/05\/customer-service-line-100x100.png 100w\" sizes=\"auto, (max-width: 120px) 100vw, 120px\" \/>\t\t\t\t\t<\/div>\n\t\t\t\t<\/div>\n\t\t\t<\/div>\n\t\t\t\t<div class=\"icon-box-text last-reset\">\n\t\t\t\t\t\t\t\t\t\n<h3><span class=\"count-up\">96<\/span>%<\/h3>\n<p class=\"alt-font\">Facilidad de comunicaci\u00f3n<\/p>\n\t\t<\/div>\n\t<\/div>\n\t\n\t\n\n\t\t<div class=\"icon-box featured-box icon-box-center text-center is-large\"  >\n\t\t\t\t\t<div class=\"icon-box-img\" style=\"width: 40px\">\n\t\t\t\t<div class=\"icon\">\n\t\t\t\t\t<div class=\"icon-inner\" >\n\t\t\t\t\t\t<img loading=\"lazy\" decoding=\"async\" width=\"96\" height=\"96\" src=\"https:\/\/lishimport.com\/wp-content\/uploads\/2024\/07\/group-line-1.png\" class=\"attachment-medium size-medium\" alt=\"\" \/>\t\t\t\t\t<\/div>\n\t\t\t\t<\/div>\n\t\t\t<\/div>\n\t\t\t\t<div class=\"icon-box-text last-reset\">\n\t\t\t\t\t\t\t\t\t\n<h3><span class=\"count-up\">92<\/span>%<\/h3>\n<p class=\"alt-font\">Servicio 360\u00b0<\/p>\n\t\t<\/div>\n\t<\/div>\n\t\n\t\n\t\t<\/div>\n\t\t\t\t\t<\/div>\n\n\t\n\n\t<div id=\"col-1454372246\" class=\"col medium-4 small-4 large-4\"  data-animate=\"bounceIn\">\n\t\t\t\t<div class=\"col-inner\"  >\n\t\t\t\n\t\t\t\n\n\t\t<div class=\"icon-box featured-box icon-box-center text-center is-large\"  >\n\t\t\t\t\t<div class=\"icon-box-img\" style=\"width: 40px\">\n\t\t\t\t<div class=\"icon\">\n\t\t\t\t\t<div class=\"icon-inner\" >\n\t\t\t\t\t\t<img loading=\"lazy\" decoding=\"async\" width=\"120\" height=\"120\" src=\"https:\/\/lishimport.com\/wp-content\/uploads\/2024\/07\/wallet-line.png\" class=\"attachment-medium size-medium\" alt=\"\" srcset=\"https:\/\/lishimport.com\/wp-content\/uploads\/2024\/07\/wallet-line.png 120w, https:\/\/lishimport.com\/wp-content\/uploads\/2024\/07\/wallet-line-100x100.png 100w\" sizes=\"auto, (max-width: 120px) 100vw, 120px\" \/>\t\t\t\t\t<\/div>\n\t\t\t\t<\/div>\n\t\t\t<\/div>\n\t\t\t\t<div class=\"icon-box-text last-reset\">\n\t\t\t\t\t\t\t\t\t\n<h3><span class=\"count-up\">87<\/span>%<\/h3>\n<p class=\"alt-font\">Experiencia acumulada<\/p>\n\t\t<\/div>\n\t<\/div>\n\t\n\t\n\n\t\t<div class=\"icon-box featured-box icon-box-center text-center is-large\"  >\n\t\t\t\t\t<div class=\"icon-box-img\" style=\"width: 40px\">\n\t\t\t\t<div class=\"icon\">\n\t\t\t\t\t<div class=\"icon-inner\" >\n\t\t\t\t\t\t<img loading=\"lazy\" decoding=\"async\" width=\"400\" height=\"400\" src=\"https:\/\/lishimport.com\/wp-content\/uploads\/2024\/07\/dollar-coin-400x400.png\" class=\"attachment-medium size-medium\" alt=\"\" srcset=\"https:\/\/lishimport.com\/wp-content\/uploads\/2024\/07\/dollar-coin-400x400.png 400w, https:\/\/lishimport.com\/wp-content\/uploads\/2024\/07\/dollar-coin-280x280.png 280w, https:\/\/lishimport.com\/wp-content\/uploads\/2024\/07\/dollar-coin-300x300.png 300w, https:\/\/lishimport.com\/wp-content\/uploads\/2024\/07\/dollar-coin-100x100.png 100w, https:\/\/lishimport.com\/wp-content\/uploads\/2024\/07\/dollar-coin.png 512w\" sizes=\"auto, (max-width: 400px) 100vw, 400px\" \/>\t\t\t\t\t<\/div>\n\t\t\t\t<\/div>\n\t\t\t<\/div>\n\t\t\t\t<div class=\"icon-box-text last-reset\">\n\t\t\t\t\t\t\t\t\t\n<h3><span class=\"count-up\">88<\/span>%<\/h3>\n<p class=\"alt-font\">Calidad Garantizada<\/p>\n\t\t<\/div>\n\t<\/div>\n\t\n\t\n\t\t<\/div>\n\t\t\t\t\t<\/div>\n\n\t\n\n\t<div id=\"col-1475728070\" class=\"col medium-4 small-4 large-4\"  data-animate=\"bounceIn\">\n\t\t\t\t<div class=\"col-inner\"  >\n\t\t\t\n\t\t\t\n\n\t\t<div class=\"icon-box featured-box icon-box-center text-center is-large\"  >\n\t\t\t\t\t<div class=\"icon-box-img\" style=\"width: 40px\">\n\t\t\t\t<div class=\"icon\">\n\t\t\t\t\t<div class=\"icon-inner\" >\n\t\t\t\t\t\t<img loading=\"lazy\" decoding=\"async\" width=\"400\" height=\"400\" src=\"https:\/\/lishimport.com\/wp-content\/uploads\/2024\/07\/green-400x400.png\" class=\"attachment-medium size-medium\" alt=\"\" srcset=\"https:\/\/lishimport.com\/wp-content\/uploads\/2024\/07\/green-400x400.png 400w, https:\/\/lishimport.com\/wp-content\/uploads\/2024\/07\/green-280x280.png 280w, https:\/\/lishimport.com\/wp-content\/uploads\/2024\/07\/green-300x300.png 300w, https:\/\/lishimport.com\/wp-content\/uploads\/2024\/07\/green-100x100.png 100w, https:\/\/lishimport.com\/wp-content\/uploads\/2024\/07\/green.png 512w\" sizes=\"auto, (max-width: 400px) 100vw, 400px\" \/>\t\t\t\t\t<\/div>\n\t\t\t\t<\/div>\n\t\t\t<\/div>\n\t\t\t\t<div class=\"icon-box-text last-reset\">\n\t\t\t\t\t\t\t\t\t\n<h3><span class=\"count-up\">90<\/span>%<\/h3>\n<p class=\"alt-font\">Cobertura amplia<\/p>\n\t\t<\/div>\n\t<\/div>\n\t\n\t\n\n\t\t<div class=\"icon-box featured-box icon-box-center text-center is-large\"  >\n\t\t\t\t\t<div class=\"icon-box-img\" style=\"width: 40px\">\n\t\t\t\t<div class=\"icon\">\n\t\t\t\t\t<div class=\"icon-inner\" >\n\t\t\t\t\t\t<img loading=\"lazy\" decoding=\"async\" width=\"400\" height=\"400\" src=\"https:\/\/lishimport.com\/wp-content\/uploads\/2024\/07\/group-400x400.png\" class=\"attachment-medium size-medium\" alt=\"\" srcset=\"https:\/\/lishimport.com\/wp-content\/uploads\/2024\/07\/group-400x400.png 400w, https:\/\/lishimport.com\/wp-content\/uploads\/2024\/07\/group-280x280.png 280w, https:\/\/lishimport.com\/wp-content\/uploads\/2024\/07\/group-300x300.png 300w, https:\/\/lishimport.com\/wp-content\/uploads\/2024\/07\/group-100x100.png 100w, https:\/\/lishimport.com\/wp-content\/uploads\/2024\/07\/group.png 512w\" sizes=\"auto, (max-width: 400px) 100vw, 400px\" \/>\t\t\t\t\t<\/div>\n\t\t\t\t<\/div>\n\t\t\t<\/div>\n\t\t\t\t<div class=\"icon-box-text last-reset\">\n\t\t\t\t\t\t\t\t\t\n<h3><span class=\"count-up\">78<\/span>%<\/h3>\n<p class=\"alt-font\">Ahorro de personal<\/p>\n\t\t<\/div>\n\t<\/div>\n\t\n\t\n\t\t<\/div>\n\t\t\t\t\t<\/div>\n\n\t\n<\/div>\n\t<div id=\"gap-1750175744\" class=\"gap-element clearfix\" style=\"display:block; height:auto;\">\n\t\t\n<style>\n#gap-1750175744 {\n  padding-top: 30px;\n}\n<\/style>\n\t<\/div>\n\t\n\t<div id=\"gap-275412349\" class=\"gap-element clearfix\" style=\"display:block; height:auto;\">\n\t\t\n<style>\n#gap-275412349 {\n  padding-top: 30px;\n}\n<\/style>\n\t<\/div>\n\t\n\t<div id=\"gap-1664433638\" class=\"gap-element clearfix\" style=\"display:block; height:auto;\">\n\t\t\n<style>\n#gap-1664433638 {\n  padding-top: 30px;\n}\n<\/style>\n\t<\/div>\n\t\n\t<div id=\"text-723472241\" class=\"text\">\n\t\t\n<h1 class=\"alt-font\" style=\"font-size: 220%;\">\u00bfPor qu\u00e9 comprar desde China con LISHI?<\/h1>\n<p class=\"alt-font\" style=\"text-align: left;\">En <strong><em>LISHI <\/em><\/strong>mantenemos relaciones estables con un gran n\u00famero de fabricantes y seleccionamos entre ellos el que m\u00e1s se ajusta a las necesidades de nuestros clientes.<\/p>\n<p class=\"alt-font\" style=\"text-align: left;\">Tener una oficina en China nos permite hablar el mismo idioma que nuestros proveedores y tener una relaci\u00f3n diaria con ellos, por lo que cualquier problema o preocupaci\u00f3n que puedan tener nuestros clientes puede resolverse de inmediato.<\/p>\n<p class=\"alt-font\" style=\"text-align: left;\">Si bien es cierto que contar con un intermediario supone un peque\u00f1o incremento del precio del producto, todo son ventajas que <em><strong>LISHI<\/strong><\/em> ofrece sobre el contacto directo de un particular con una f\u00e1brica en China.<\/p>\n\t\t\n<style>\n#text-723472241 {\n  font-size: 1rem;\n}\n<\/style>\n\t<\/div>\n\t\n\t\t<\/div>\n\t\t\t\t\t<\/div>\n\n\t\n<\/div>\n\t\t<\/div>\n\t\t\t\t\n<style>\n#col-209760418 > .col-inner {\n  padding: 40px 0px 0px 0px;\n}\n<\/style>\n\t<\/div>\n\n\t\n<\/div>\n\t\t<\/div>\n\n\t\t\n<style>\n#section_1442065524 {\n  padding-top: 80px;\n  padding-bottom: 80px;\n}\n<\/style>\n\t<\/section>","protected":false},"excerpt":{"rendered":"","protected":false},"author":2,"featured_media":0,"parent":0,"menu_order":0,"comment_status":"closed","ping_status":"closed","template":"","meta":{"footnotes":""},"class_list":["post-95","page","type-page","status-publish","hentry"],"_links":{"self":[{"href":"https:\/\/lishimport.com\/es\/wp-json\/wp\/v2\/pages\/95","targetHints":{"allow":["GET"]}}],"collection":[{"href":"https:\/\/lishimport.com\/es\/wp-json\/wp\/v2\/pages"}],"about":[{"href":"https:\/\/lishimport.com\/es\/wp-json\/wp\/v2\/types\/page"}],"author":[{"embeddable":true,"href":"https:\/\/lishimport.com\/es\/wp-json\/wp\/v2\/users\/2"}],"replies":[{"embeddable":true,"href":"https:\/\/lishimport.com\/es\/wp-json\/wp\/v2\/comments?post=95"}],"version-history":[{"count":34,"href":"https:\/\/lishimport.com\/es\/wp-json\/wp\/v2\/pages\/95\/revisions"}],"predecessor-version":[{"id":981,"href":"https:\/\/lishimport.com\/es\/wp-json\/wp\/v2\/pages\/95\/revisions\/981"}],"wp:attachment":[{"href":"https:\/\/lishimport.com\/es\/wp-json\/wp\/v2\/media?parent=95"}],"curies":[{"name":"wp","href":"https:\/\/api.w.org\/{rel}","templated":true}]}}